{"id":199,"date":"2023-09-20T12:42:50","date_gmt":"2023-09-20T12:42:50","guid":{"rendered":"https:\/\/pruebasrenovalash.almadigitalconsultoria.com\/?post_type=product&#038;p=199"},"modified":"2023-09-20T12:43:49","modified_gmt":"2023-09-20T12:43:49","slug":"producto-de-prueba-2","status":"publish","type":"product","link":"https:\/\/pruebasrenovalash.almadigitalconsultoria.com\/index.php\/producto\/producto-de-prueba-2\/","title":{"rendered":"Producto de prueba 2"},"content":{"rendered":"","protected":false},"excerpt":{"rendered":"<p>RENOVALASH es un tratamiento\/acondicionador y fortalecedor de pesta\u00f1as. Nuestra f\u00f3rmula RENOVALASH contiene una mezcla patentada de ingredientes de ultima innovaci\u00f3n, formulados en uno de los mejores laboratorios de Francia, los cuales se combinan con p\u00e9ptidos poderosos.<\/p>\n","protected":false},"featured_media":198,"template":"","meta":[],"product_cat":[17],"product_tag":[],"class_list":["post-199","product","type-product","status-publish","has-post-thumbnail","hentry","product_cat-sin-categorizar"],"_links":{"self":[{"href":"https:\/\/pruebasrenovalash.almadigitalconsultoria.com\/index.php\/wp-json\/wp\/v2\/product\/199","targetHints":{"allow":["GET"]}}],"collection":[{"href":"https:\/\/pruebasrenovalash.almadigitalconsultoria.com\/index.php\/wp-json\/wp\/v2\/product"}],"about":[{"href":"https:\/\/pruebasrenovalash.almadigitalconsultoria.com\/index.php\/wp-json\/wp\/v2\/types\/product"}],"wp:featuredmedia":[{"embeddable":true,"href":"https:\/\/pruebasrenovalash.almadigitalconsultoria.com\/index.php\/wp-json\/wp\/v2\/media\/198"}],"wp:attachment":[{"href":"https:\/\/pruebasrenovalash.almadigitalconsultoria.com\/index.php\/wp-json\/wp\/v2\/media?parent=199"}],"wp:term":[{"taxonomy":"product_cat","embeddable":true,"href":"https:\/\/pruebasrenovalash.almadigitalconsultoria.com\/index.php\/wp-json\/wp\/v2\/product_cat?post=199"},{"taxonomy":"product_tag","embeddable":true,"href":"https:\/\/pruebasrenovalash.almadigitalconsultoria.com\/index.php\/wp-json\/wp\/v2\/product_tag?post=199"}],"curies":[{"name":"wp","href":"https:\/\/api.w.org\/{rel}","templated":true}]}}